{"id":10,"date":"2013-05-03T17:15:26","date_gmt":"2013-05-03T15:15:26","guid":{"rendered":"http:\/\/web135371.rex25.flatbooster.info\/?page_id=10"},"modified":"2013-06-03T15:26:57","modified_gmt":"2013-06-03T13:26:57","slug":"impressum","status":"publish","type":"page","link":"http:\/\/www.volksverein-niederschelden.de\/?page_id=10","title":{"rendered":"Impressum"},"content":{"rendered":"<p>Volksverein Niederschelden\u00a0e.V.<br \/>\nBogenstra\u00dfe 25<br \/>\n57080 Siegen<\/p>\n<div>\n<p>&nbsp;<\/p>\n<p>F\u00fcr alle namentlich gezeichneten Artikel sind die Verfasser selbst verantwortlich<\/p>\n<p>F\u00fcr alle Inhalte, die sich auf Seiten Dritter befinden, auf die von dieser Website aus mittels Links verwiesen wird, sind deren Autoren verantwortlich. Wir k\u00f6nnen auf diese Inhalte weder redaktionell, technisch noch zeitlich Einfluss nehmen.<\/p>\n<p>Wir k\u00f6nnen auch nicht gew\u00e4hrleisten, dass die Inhalte auf diesen Internetseiten zutreffend, vollst\u00e4ndig und aktuell sind. Sollte der Nutzer auf diesen Internetseiten rechtswidrige oder sittenwidrige Inhalte feststellen, wird er gebeten, uns schnellstm\u00f6glich per E-Mail zu unterrichten. Wir werden dann die Angelegenheit unverz\u00fcglich pr\u00fcfen und ggf. den Link entfernen.<\/p>\n<p><strong>Nutzungsbedingungen<br \/>\n<\/strong>Die Inhalte dieser Homepage dienen lediglich der allgemeinen Information. Weder durch \u00dcbersendung einer E-Mail, das Aufrufen unserer Homepage noch durch eine sonstige Nutzung unseres Angebotes auf der Homepage kommt ein Vertragsverh\u00e4ltnis zustande. Obwohl der Inhalt unseres Internetangebots mit Sorgfalt ausgew\u00e4hlt wurde, wird keine Gew\u00e4hr f\u00fcr Richtigkeit, Vollst\u00e4ndigkeit oder Aktualit\u00e4t der hier ver\u00f6ffentlichten Informationen \u00fcbernommen. Es ist insbesondere m\u00f6glich, dass diese nicht mehr der aktuellsten Fassung entsprechen. Die Nutzung unserer Internetseiten erfolgt deshalb auf eigene Gefahr. Haftungsanspr\u00fcche gegen uns, die sich auf Sch\u00e4den materieller oder ideeller Art beziehen, die durch die Nutzung oder Nichtnutzung der dargebotenen Informationen bzw. durch die Nutzung fehlerhafter und unvollst\u00e4ndiger Informationen verursacht wurden, sind grunds\u00e4tzlich ausgeschlossen, sofern unsererseits kein nachweislich vors\u00e4tzliches oder grob fahrl\u00e4ssiges Verschulden vorliegt. Alle Angebote sind freibleibend und unverbindlich. Wir behalten uns ausdr\u00fccklich vor, Teile der Seiten oder das gesamte Angebot ohne gesonderte Ank\u00fcndigung zu ver\u00e4ndern, zu erg\u00e4nzen, zu l\u00f6schen oder die Ver\u00f6ffentlichung zeitweise oder endg\u00fcltig einzustellen.<\/p>\n<p><strong style=\"line-height: 1.714285714; font-size: 1rem;\">Datenschutz<br \/>\n<\/strong><span style=\"line-height: 1.714285714; font-size: 1rem;\">Die Nutzung unserer Webseite ist in der Regel ohne Angabe personenbezogener Daten m\u00f6glich. Soweit auf unseren Seiten personenbezogene Daten (beispielsweise Name, Anschrift oder eMail-Adressen) erhoben werden, erfolgt dies, soweit m\u00f6glich, stets auf freiwilliger Basis. Diese Daten werden ohne Ihre ausdr\u00fcckliche Zustimmung nicht an Dritte weitergegeben. Wir weisen darauf hin, dass die Daten\u00fcbertragung im Internet (z.B. bei der Kommunikation per E-Mail) Sicherheitsl\u00fccken aufweisen kann. Ein l\u00fcckenloser Schutz der Daten vor dem Zugriff durch Dritte ist nicht m\u00f6glich. Der Nutzung von im Rahmen der Impressumspflicht ver\u00f6ffentlichten Kontaktdaten durch Dritte zur \u00dcbersendung von nicht ausdr\u00fccklich angeforderter Werbung und Informationsmaterialien wird hiermit ausdr\u00fccklich widersprochen. Wir behalten uns ausdr\u00fccklich rechtliche Schritte im Falle der unverlangten Zusendung von Werbeinformationen, etwa durch Spam-Mails, vor.<\/span><\/p>\n<p><strong>Verweise und Links<br \/>\n<\/strong>Bei direkten oder indirekten Verweisen auf fremde Internetseiten (Links), die au\u00dferhalb unseres Verantwortungsbereiches liegen, w\u00fcrde eine Haftungsverpflichtung ausschlie\u00dflich in dem Fall in Kraft treten, wenn wir von den Inhalten Kenntnis hatten und es uns technisch m\u00f6glich und zumutbar w\u00e4re, die Nutzung im Falle rechtswidriger Inhalte zu verhindern. Wir erkl\u00e4ren daher ausdr\u00fccklich, dass zum Zeitpunkt der Linksetzung die entsprechenden verlinkten Seiten frei von illegalen Inhalten waren. Wir haben keinerlei Einfluss auf die aktuelle und zuk\u00fcnftige Gestaltung und auf die Inhalte der gelinkten\/verkn\u00fcpften Seiten. Deshalb distanzieren wir uns hiermit ausdr\u00fccklich von allen Inhalten aller gelinkten\/verkn\u00fcpften Seiten, die nach der Linksetzung ver\u00e4ndert wurden. Diese Feststellung gilt f\u00fcr alle innerhalb des eigenen Internetangebotes gesetzten Links und Verweise. F\u00fcr illegale, fehlerhafte oder unvollst\u00e4ndige Inhalte und insbesondere f\u00fcr Sch\u00e4den, die aus der Nutzung oder Nichtnutzung solcherart dargebotener Informationen entstehen, haftet allein der Anbieter der externen Seiten, auf welche verwiesen wurde, nicht derjenige, der \u00fcber Links auf die jeweilige Ver\u00f6ffentlichung lediglich verweist.<\/p>\n<p><strong style=\"line-height: 1.714285714; font-size: 1rem;\">Urheber- und Kennzeichenrecht<br \/>\n<\/strong><span style=\"line-height: 1.714285714; font-size: 1rem;\">Wir sind bestrebt, in allen Publikationen die Urheberrechte der verwendeten Grafiken, Tondokumente, Videos und Texte zu beachten. Alle in diesem Internetangebot genannten und ggf. durch Dritte gesch\u00fctzten Marken- und Warenzeichen unterliegen uneingeschr\u00e4nkt den Bestimmungen des jeweils g\u00fcltigen Kennzeichenrechts und den Besitzrechten der jeweiligen eingetragenen Eigent\u00fcmer. Allein aufgrund der blo\u00dfen Nennung ist nicht der Schluss zu ziehen, dass Markenzeichen nicht durch Rechte Dritter gesch\u00fctzt sind! Das Copyright f\u00fcr von uns ver\u00f6ffentlichte Objekte, Grafiken, Tondokumente, Videosequenzen und Texte bleibt allein beim Autor. Eine Vervielf\u00e4ltigung oder Verwendung in anderen elektronischen oder gedruckten Publikationen ist ohne ausdr\u00fcckliche Zustimmung des jeweiligen Autors nicht gestattet. Die unerlaubte Verwendung einzelner Inhalte oder kompletter Seiten wird sowohl straf- als auch zivilrechtlich verfolgt.<\/span><\/p>\n<p><strong>Rechtswirksamkeit dieses Haftungsausschlusses<br \/>\n<\/strong>Dieser Haftungsausschluss ist als Teil des Internetangebotes zu betrachten, von dem aus auf diese Seite verwiesen wurde. Sofern Teile oder einzelne Formulierungen dieses Textes der geltenden Rechtslage nicht, nicht mehr oder nicht vollst\u00e4ndig entsprechen sollten, bleiben die \u00fcbrigen Teile des Dokumentes in ihrem Inhalt und ihrer G\u00fcltigkeit davon unber\u00fchrt.<\/p>\n<\/div>\n","protected":false},"excerpt":{"rendered":"<p>Volksverein Niederschelden\u00a0e.V. Bogenstra\u00dfe 25 57080 Siegen &nbsp; F\u00fcr alle namentlich gezeichneten Artikel sind die Verfasser selbst verantwortlich F\u00fcr alle Inhalte, die sich auf Seiten Dritter befinden, auf die von dieser Website aus mittels Links verwiesen wird, sind deren Autoren verantwortlich. &hellip; <a href=\"http:\/\/www.volksverein-niederschelden.de\/?page_id=10\">Weiterlesen <span class=\"meta-nav\">&rarr;<\/span><\/a><\/p>\n","protected":false},"author":1,"featured_media":0,"parent":0,"menu_order":0,"comment_status":"closed","ping_status":"open","template":"","meta":[],"_links":{"self":[{"href":"http:\/\/www.volksverein-niederschelden.de\/index.php?rest_route=\/wp\/v2\/pages\/10"}],"collection":[{"href":"http:\/\/www.volksverein-niederschelden.de\/index.php?rest_route=\/wp\/v2\/pages"}],"about":[{"href":"http:\/\/www.volksverein-niederschelden.de\/index.php?rest_route=\/wp\/v2\/types\/page"}],"author":[{"embeddable":true,"href":"http:\/\/www.volksverein-niederschelden.de\/index.php?rest_route=\/wp\/v2\/users\/1"}],"replies":[{"embeddable":true,"href":"http:\/\/www.volksverein-niederschelden.de\/index.php?rest_route=%2Fwp%2Fv2%2Fcomments&post=10"}],"version-history":[{"count":4,"href":"http:\/\/www.volksverein-niederschelden.de\/index.php?rest_route=\/wp\/v2\/pages\/10\/revisions"}],"predecessor-version":[{"id":35,"href":"http:\/\/www.volksverein-niederschelden.de\/index.php?rest_route=\/wp\/v2\/pages\/10\/revisions\/35"}],"wp:attachment":[{"href":"http:\/\/www.volksverein-niederschelden.de\/index.php?rest_route=%2Fwp%2Fv2%2Fmedia&parent=10"}],"curies":[{"name":"wp","href":"https:\/\/api.w.org\/{rel}","templated":true}]}}