{"id":5,"date":"2013-05-03T17:04:20","date_gmt":"2013-05-03T15:04:20","guid":{"rendered":"http:\/\/web135371.rex25.flatbooster.info\/?page_id=5"},"modified":"2022-03-23T19:20:21","modified_gmt":"2022-03-23T17:20:21","slug":"volkshaus","status":"publish","type":"page","link":"http:\/\/www.volksverein-niederschelden.de\/?page_id=5","title":{"rendered":"Volkshaus"},"content":{"rendered":"<p>Das vereinseigene Volkshaus, das f\u00fcr rund 150 Personen Raum bietet, kann f\u00fcr Familienfeiern und sonstige Veranstaltungen angemietet werden. Die Miete betr\u00e4gt f\u00fcr Vereinsmitglieder 50 Euro. F\u00fcr Nichtmitglieder kostet der Saal f\u00fcr Beerdigungsnachfeiern 125 Euro und f\u00fcr sonstige Feiern 250 Euro. Die Reinigung kostet pauschal 50 Euro zus\u00e4tzlich. Dar\u00fcber hinaus wird vorab eine Kaution von 250 Euro erhoben.<\/p>\n<p><a href=\"http:\/\/www.volksverein-niederschelden.de\/wp-content\/uploads\/IMG_0206.jpg\"><img loading=\"lazy\" class=\"alignleft wp-image-67\" src=\"http:\/\/www.volksverein-niederschelden.de\/wp-content\/uploads\/IMG_0206-e1571219515654-300x200.jpg\" alt=\"\" width=\"300\" height=\"200\" srcset=\"http:\/\/www.volksverein-niederschelden.de\/wp-content\/uploads\/IMG_0206-e1571219515654-300x200.jpg 300w, http:\/\/www.volksverein-niederschelden.de\/wp-content\/uploads\/IMG_0206-e1571219515654-1024x683.jpg 1024w, http:\/\/www.volksverein-niederschelden.de\/wp-content\/uploads\/IMG_0206-e1571219515654-450x300.jpg 450w, http:\/\/www.volksverein-niederschelden.de\/wp-content\/uploads\/IMG_0206-e1571219515654-768x512.jpg 768w\" sizes=\"(max-width: 300px) 100vw, 300px\" \/><\/a><a href=\"http:\/\/www.volksverein-niederschelden.de\/wp-content\/uploads\/Hussen1-e1571220394231.jpg\"><img loading=\"lazy\" class=\"alignright wp-image-186 size-medium\" src=\"http:\/\/www.volksverein-niederschelden.de\/wp-content\/uploads\/Hussen1-e1571220394231-225x300.jpg\" alt=\"\" width=\"225\" height=\"300\" srcset=\"http:\/\/www.volksverein-niederschelden.de\/wp-content\/uploads\/Hussen1-e1571220394231-225x300.jpg 225w, http:\/\/www.volksverein-niederschelden.de\/wp-content\/uploads\/Hussen1-e1571220394231.jpg 480w\" sizes=\"(max-width: 225px) 100vw, 225px\" \/><\/a><\/p>\n\n\n<figure class=\"wp-block-gallery alignright columns-0 is-cropped\"><ul class=\"blocks-gallery-grid\"><\/ul><\/figure>\n","protected":false},"excerpt":{"rendered":"<p>Das vereinseigene Volkshaus, das f\u00fcr rund 150 Personen Raum bietet, kann f\u00fcr Familienfeiern und sonstige Veranstaltungen angemietet werden. Die Miete betr\u00e4gt f\u00fcr Vereinsmitglieder 50 Euro. F\u00fcr Nichtmitglieder kostet der Saal f\u00fcr Beerdigungsnachfeiern 125 Euro und f\u00fcr sonstige Feiern 250 Euro. &hellip; <a href=\"http:\/\/www.volksverein-niederschelden.de\/?page_id=5\">Weiterlesen <span class=\"meta-nav\">&rarr;<\/span><\/a><\/p>\n","protected":false},"author":1,"featured_media":0,"parent":0,"menu_order":0,"comment_status":"closed","ping_status":"open","template":"","meta":[],"_links":{"self":[{"href":"http:\/\/www.volksverein-niederschelden.de\/index.php?rest_route=\/wp\/v2\/pages\/5"}],"collection":[{"href":"http:\/\/www.volksverein-niederschelden.de\/index.php?rest_route=\/wp\/v2\/pages"}],"about":[{"href":"http:\/\/www.volksverein-niederschelden.de\/index.php?rest_route=\/wp\/v2\/types\/page"}],"author":[{"embeddable":true,"href":"http:\/\/www.volksverein-niederschelden.de\/index.php?rest_route=\/wp\/v2\/users\/1"}],"replies":[{"embeddable":true,"href":"http:\/\/www.volksverein-niederschelden.de\/index.php?rest_route=%2Fwp%2Fv2%2Fcomments&post=5"}],"version-history":[{"count":21,"href":"http:\/\/www.volksverein-niederschelden.de\/index.php?rest_route=\/wp\/v2\/pages\/5\/revisions"}],"predecessor-version":[{"id":236,"href":"http:\/\/www.volksverein-niederschelden.de\/index.php?rest_route=\/wp\/v2\/pages\/5\/revisions\/236"}],"wp:attachment":[{"href":"http:\/\/www.volksverein-niederschelden.de\/index.php?rest_route=%2Fwp%2Fv2%2Fmedia&parent=5"}],"curies":[{"name":"wp","href":"https:\/\/api.w.org\/{rel}","templated":true}]}}